{"id":27,"date":"2019-02-22T21:59:46","date_gmt":"2019-02-23T00:59:46","guid":{"rendered":"https:\/\/amigospa.cl\/wp\/?page_id=27"},"modified":"2022-09-24T21:03:16","modified_gmt":"2022-09-25T00:03:16","slug":"contacto","status":"publish","type":"page","link":"https:\/\/amigospa.cl\/wp\/contacto\/","title":{"rendered":"CONTACTO"},"content":{"rendered":"\n\t\t\t\t\t\t\t\t\t\t\t\t\t\t\t\t\t<a href=\"https:\/\/amigospa.cl\/wp\/wp-content\/uploads\/2022\/05\/Agencia_Flores.jpg\" target=\"_self\" data-caption=\"Agencia Flores\" rel=\"noopener\">\n\t\t\t\t\t\t\t\t\t\t\t<!-- Overlay Wrapper -->\n\t\t\t\t\t\t\t\t\t\tAgencia Flores\t\t\t\t\t\t\t\t\t\n\t\t\t\t\t\t <!-- Overlay Wrapper Closed -->\n\t\t\t\t\t\t\t\t\t\t<\/a>\n\t\t\t\t\t\t\t\t\t\t\t\t\t\t\t\t\t<a href=\"https:\/\/amigospa.cl\/wp\/wp-content\/uploads\/2022\/05\/IDL_Logistica_Comex.jpg\" target=\"_self\" data-caption=\"IDL Log\u00edstica COMEX\" rel=\"noopener\">\n\t\t\t\t\t\t\t\t\t\t\t<!-- Overlay Wrapper -->\n\t\t\t\t\t\t\t\t\t\tIDL Log\u00edstica COMEX\t\t\t\t\t\t\t\t\t\n\t\t\t\t\t\t <!-- Overlay Wrapper Closed -->\n\t\t\t\t\t\t\t\t\t\t<\/a>\n\t\t\t\t\t\t\t\t\t\t\t\t\t\t\t\t\t<a href=\"https:\/\/amigospa.cl\/wp\/wp-content\/uploads\/2022\/05\/Toquicura.jpg\" target=\"_self\" data-caption=\"Toquicura\" rel=\"noopener\">\n\t\t\t\t\t\t\t\t\t\t\t<!-- Overlay Wrapper -->\n\t\t\t\t\t\t\t\t\t\tToquicura\t\t\t\t\t\t\t\t\t\n\t\t\t\t\t\t <!-- Overlay Wrapper Closed -->\n\t\t\t\t\t\t\t\t\t\t<\/a>\n\t\t\t\t\t\t\t\t\t\t\t\t\t\t\t\t\t<a href=\"https:\/\/amigospa.cl\/wp\/wp-content\/uploads\/2022\/05\/Valle_Quinta_Junge.jpg\" target=\"_self\" data-caption=\"Valle Quinta Junge\" rel=\"noopener\">\n\t\t\t\t\t\t\t\t\t\t\t<!-- Overlay Wrapper -->\n\t\t\t\t\t\t\t\t\t\tValle Quinta Junge\t\t\t\t\t\t\t\t\t\n\t\t\t\t\t\t <!-- Overlay Wrapper Closed -->\n\t\t\t\t\t\t\t\t\t\t<\/a>\n\t\t\t\t\t\t\t\t\t\t\t\t\t\t\t\t\t<a href=\"https:\/\/amigospa.cl\/wp\/wp-content\/uploads\/2022\/05\/Loggistic.jpg\" target=\"_self\" data-caption=\"Loggistic CHILE\" rel=\"noopener\">\n\t\t\t\t\t\t\t\t\t\t\t<!-- Overlay Wrapper -->\n\t\t\t\t\t\t\t\t\t\tLoggistic CHILE\t\t\t\t\t\t\t\t\t\n\t\t\t\t\t\t <!-- Overlay Wrapper Closed -->\n\t\t\t\t\t\t\t\t\t\t<\/a>\n\t\t\t\t\t\t\t\t\t\t\t\t\t\t\t\t\t<a href=\"https:\/\/amigospa.cl\/wp\/wp-content\/uploads\/2022\/05\/MAAS.jpg\" target=\"_self\" data-caption=\"MAAS SpA\" rel=\"noopener\">\n\t\t\t\t\t\t\t\t\t\t\t<!-- Overlay Wrapper -->\n\t\t\t\t\t\t\t\t\t\tMAAS SpA\t\t\t\t\t\t\t\t\t\n\t\t\t\t\t\t <!-- Overlay Wrapper Closed -->\n\t\t\t\t\t\t\t\t\t\t<\/a>\n\t\t\t\t\t\t\t\t\t\t\t\t\t\t\t\t\t<a href=\"https:\/\/amigospa.cl\/wp\/wp-content\/uploads\/2022\/05\/InmobiliariaQ.jpg\" target=\"_self\" data-caption=\"Inmobiliaria Q\" rel=\"noopener\">\n\t\t\t\t\t\t\t\t\t\t\t<!-- Overlay Wrapper -->\n\t\t\t\t\t\t\t\t\t\tInmobiliaria Q\t\t\t\t\t\t\t\t\t\n\t\t\t\t\t\t <!-- Overlay Wrapper Closed -->\n\t\t\t\t\t\t\t\t\t\t<\/a>\n\t\t\t\t\t\t\t\t<!-- pagination -->\n\t<form >\n    <h3>\n\tCONTACTO\t<\/h3>\n\t\n\tSi requiere m\u00e1s informaci\u00f3n, escr\u00edbanos y con gusto a responderemos sus inquietudes.\t\n    \t\t<label for=\"pp-name\">Nombre<\/label>\n    \t\tPlease enter your name.\n    \t\t<input type=\"text\" name=\"pp-name\" value=\"\" placeholder=\"Nombre\"  \/>\n    \t\t<label for=\"pp-email\">Email<\/label>\n    \t\tPlease enter a valid email.\n    \t\t<input type=\"email\" name=\"pp-email\" value=\"\" placeholder=\"Email\"  \/>\n    \t\t<label for=\"pp-phone\">Celular<\/label>\n    \t\tPlease enter a valid phone number.\n    \t\t<input type=\"tel\" name=\"pp-phone\" value=\"\" placeholder=\"Celular\"  \/>\n    \t\t<label for=\"pp-message\">Mensaje<\/label>\n    \t\tPlease enter a message.\n    \t\t<textarea name=\"pp-message\" placeholder=\"Mensaje\" ><\/textarea>\n    \t<a href=\"#\" target=\"_self\" role=\"button\" rel=\"noopener\">\n    \t\t    \t\t    \t\tEnviar Mensaje\n    \t\t    \t\t    \t<\/a>\n\tMessage failed. Please try again.\n<\/form>\n  <p><strong>Gracias por escribirnos.<\/strong><br \/>Dentro de poco te contactaremos para hacer llegar la informaci\u00f3n requerida.<\/p>\n\t<iframe src=\"https:\/\/www.google.com\/maps\/embed\/v1\/place?q=Quinta+Junge+133%2C+Concepci%C3%B3n&#038;key=AIzaSyD09zQ9PNDNNy9TadMuzRV_UsPUoWKntt8\"><\/iframe>\n\t\t\t<h3>UBICACI\u00d3N<\/h3>\n\t\t\t\t<p>Avda. Quinta Junge 133<br \/>Pedro de Valdivia<br \/>Concepci\u00f3n, Chile<\/p>\n\t\t\t<h3>CONTACTO<\/h3>\n\t\t\t\t<p><a href=\"tel:+56982491492\">+56 982 491 492<\/a><br \/><a href=\"tel:+56991288701\">+56 991 288 701<\/a><\/p>\n\t\t\t\t<p><a href=\"mailto:contacto@amigospa.cl\">contacto@amigospa.cl<\/a><\/p>\n<a href=\"https:\/\/amigospa.cl\/wp\/contacto\/\" target=\"_self\" rel=\"noopener\">Ir a p\u00e1gina de contacto<\/a>\t\t\t \n\t<iframe src=\"https:\/\/www.google.com\/maps\/embed\/v1\/place?q=Edificio+Q+Calle+2%2C+Quinta+Junge+159%2C+Concepci%C3%B3n%2C+Regi%C3%B3n+del+B%C3%ADo+B%C3%ADo&#038;key=AIzaSyD09zQ9PNDNNy9TadMuzRV_UsPUoWKntt8\"><\/iframe>\n\t\t\t<h3>UBICACI\u00d3N<\/h3>\n\t\t\t\t<p>Avda. Quinta Junge 133<br \/>Pedro de Valdivia<br \/>Concepci\u00f3n, Chile<\/p>\n\t\t\t<h3>CONTACTO<\/h3>\n\t\t\t\t<p><a href=\"tel:+56982491492\">+56 982 491 492<\/a><br \/><a href=\"tel:+56991288701\">+56 991 288 701<\/a><\/p>\n\t\t\t\t<p><a href=\"mailto:contacto@amigospa.cl\">contacto@amigospa.cl<\/a><\/p>\n<a href=\"https:\/\/amigospa.cl\/wp\/contacto\/\" target=\"_self\" rel=\"noopener\">Ir a p\u00e1gina de contacto<\/a>\t\t\t \n","protected":false},"excerpt":{"rendered":"<p>Agencia Flores IDL Log\u00edstica COMEX Toquicura Valle Quinta Junge Loggistic CHILE MAAS SpA Inmobiliaria Q CONTACTO Si requiere m\u00e1s informaci\u00f3n, escr\u00edbanos y con gusto a responderemos sus inquietudes. Nombre Please enter your name. Email Please enter a valid email. Celular Please enter a valid phone number. Mensaje Please enter a message. Enviar Mensaje Message failed.&hellip;<\/p>\n","protected":false},"author":1,"featured_media":0,"parent":0,"menu_order":0,"comment_status":"closed","ping_status":"closed","template":"","meta":[],"_links":{"self":[{"href":"https:\/\/amigospa.cl\/wp\/wp-json\/wp\/v2\/pages\/27"}],"collection":[{"href":"https:\/\/amigospa.cl\/wp\/wp-json\/wp\/v2\/pages"}],"about":[{"href":"https:\/\/amigospa.cl\/wp\/wp-json\/wp\/v2\/types\/page"}],"author":[{"embeddable":true,"href":"https:\/\/amigospa.cl\/wp\/wp-json\/wp\/v2\/users\/1"}],"replies":[{"embeddable":true,"href":"https:\/\/amigospa.cl\/wp\/wp-json\/wp\/v2\/comments?post=27"}],"version-history":[{"count":30,"href":"https:\/\/amigospa.cl\/wp\/wp-json\/wp\/v2\/pages\/27\/revisions"}],"predecessor-version":[{"id":934,"href":"https:\/\/amigospa.cl\/wp\/wp-json\/wp\/v2\/pages\/27\/revisions\/934"}],"wp:attachment":[{"href":"https:\/\/amigospa.cl\/wp\/wp-json\/wp\/v2\/media?parent=27"}],"curies":[{"name":"wp","href":"https:\/\/api.w.org\/{rel}","templated":true}]}}